{"id":2948,"date":"2017-05-08T12:38:00","date_gmt":"2017-05-08T10:38:00","guid":{"rendered":"http:\/\/eip.fbm-ev.de\/?page_id=2948"},"modified":"2019-11-06T12:26:01","modified_gmt":"2019-11-06T11:26:01","slug":"projekt","status":"publish","type":"page","link":"https:\/\/eip-pi-bb.de\/de\/projekt\/","title":{"rendered":"Projekt"},"content":{"rendered":"<p>[vc_row][vc_column][vc_separator color=&#8220;black&#8220; border_width=&#8220;2&#8243;][\/vc_column][\/vc_row][vc_row][vc_column][vc_column_text]<\/p>\n<h1 style=\"text-align: center;\">STEUERUNG DES ZUSATZWASSEREINSATZES<br \/>\nIN DER PFLANZENPRODUKTION<br \/>\nPrecision Irrigation<\/h1>\n<p>[\/vc_column_text][\/vc_column][\/vc_row][vc_row][vc_column][vc_separator][\/vc_column][\/vc_row][vc_row][vc_column][vc_text_separator title=&#8220;Praxisbedarf&#8220; title_align=&#8220;separator_align_right&#8220; color=&#8220;black&#8220; border_width=&#8220;2&#8243;][\/vc_column][\/vc_row][vc_row][vc_column width=&#8220;1\/2&#8243;][vc_column_text]<\/p>\n<h4>Brandenburg z\u00e4hlt mit seinen trocken-hei\u00dfen Sommern zu den klimaempfindlichsten Regionen Mitteleuropas.<\/h4>\n<h4>Bereits w\u00e4hrend \u201eNormaljahren\u201c wirkt das Wasserangebot ertrags- und qualit\u00e4tsbegrenzend, insbesondere beim Anbau von bew\u00e4sserungsw\u00fcrdigen Sonderkulturen, Feldgem\u00fcse und Hackfr\u00fcchten.<\/h4>\n<h4>Dabei sorgt die g\u00e4ngige Technologie lediglich f\u00fcr eine gleichm\u00e4\u00dfige und ausreichende Bew\u00e4sserung<br \/>\ndes Gesamtschlages, ohne eine \u00dcber- und Unterversorgung einzelner Teilfl\u00e4chen verhindern zu k\u00f6nnen.<\/h4>\n<h4>Dies bef\u00f6rdert unproduktiven Mehrverbrauch an Wasser und Energie sowie negative Umweltauswirkungen wie Bodenerosion oder erh\u00f6hte N\u00e4hrstoffaustr\u00e4ge.<\/h4>\n<p>[\/vc_column_text][vc_row_inner][vc_column_inner][\/vc_column_inner][\/vc_row_inner][\/vc_column][vc_column width=&#8220;1\/2&#8243;][vc_single_image image=&#8220;2477&#8243; img_size=&#8220;400&#215;400&#8243; alignment=&#8220;center&#8220;][\/vc_column][\/vc_row][vc_row][vc_column][vc_text_separator title=&#8220;Ziele&#8220; title_align=&#8220;separator_align_right&#8220; align=&#8220;align_right&#8220; color=&#8220;black&#8220;][\/vc_column][\/vc_row][vc_row][vc_column width=&#8220;1\/2&#8243;][vc_column_text]<\/p>\n<h4>Mit einer anwenderfreundlichen Systeml\u00f6sung soll eine teilfl\u00e4chenspezifische und jederzeit bedarfsgerechte Pr\u00e4zisions-Bew\u00e4sserung erm\u00f6glicht werden.<\/h4>\n<h4>Die angestrebte L\u00f6sung beinhaltet die Ermittlung des aktuellen Wasserversorgungszustandes der Pflanzen \u00fcber Infrarot-Thermografie (W\u00e4rmebildkameras).<\/h4>\n<h4>Das Ergebnis sind situativ und automatisch gesteuerte Bew\u00e4sserungsanlagen und das darauf abgestimmte Bew\u00e4sserungsmanagement.<\/h4>\n<h4>Das Zusammenwirken aller sensorischen, informationstechnischen und mechanischen Systemkomponenten ist unter Praxisbedingungen zu testen und einer Rentabilit\u00e4tsbetrachtung zu unterziehen.<\/h4>\n<p>[\/vc_column_text][vc_row_inner][vc_column_inner][\/vc_column_inner][\/vc_row_inner][\/vc_column][vc_column width=&#8220;1\/2&#8243;][vc_single_image image=&#8220;3023&#8243; img_size=&#8220;400&#215;400&#8243; alignment=&#8220;center&#8220;][\/vc_column][\/vc_row][vc_row][vc_column][vc_text_separator title=&#8220;Durchf\u00fchrung&#8220; title_align=&#8220;separator_align_right&#8220; align=&#8220;align_right&#8220; color=&#8220;black&#8220;][\/vc_column][\/vc_row][vc_row][vc_column width=&#8220;1\/2&#8243;][vc_column_text]<\/p>\n<h4>In Gef\u00e4\u00dfversuchen sowie auf bew\u00e4sserten Ackerschl\u00e4gen in Brandenburg wird die Ermittlung des<br \/>\nWasserbedarfs verschiedener Pflanzenkulturen mit Hilfe von W\u00e4rmebildkameras erprobt.<\/h4>\n<h4>Anschlie\u00dfend werden Algorithmen zur Umwandlung der thermografischen Signale in teilfl\u00e4chenspezifische Bew\u00e4sserungsinformationen entwickelt.<\/h4>\n<h4>\u00dcber eine zu konfigurierende Steuerungseinheit erfolgt schlie\u00dflich die automatische pr\u00e4zise Ansteuerung der D\u00fcsen von<br \/>\nGro\u00dfberegnungsmaschinen.<\/h4>\n<h4>Ertrags-und Bew\u00e4sserungsdaten f\u00fcr die getesteten Beregnungsfruchtfolgen erm\u00f6glichen Kosten-Nutzen-Analysen unter<br \/>\n\u00f6konomischen und \u00f6kologischen Aspekten.<\/h4>\n<h4>Die Ergebnisse werden kontinuierlich ver\u00f6ffentlicht und in Empfehlungen f\u00fcr Agrarbetriebe zusammengefasst.<\/h4>\n<p>[\/vc_column_text][vc_row_inner][vc_column_inner][\/vc_column_inner][\/vc_row_inner][\/vc_column][vc_column width=&#8220;1\/2&#8243;][vc_single_image image=&#8220;3023&#8243; img_size=&#8220;400&#215;400&#8243; alignment=&#8220;center&#8220;][\/vc_column][\/vc_row][vc_row][vc_column][vc_text_separator title=&#8220;Laufzeit&#8220; title_align=&#8220;separator_align_right&#8220; align=&#8220;align_right&#8220; color=&#8220;black&#8220;][\/vc_column][\/vc_row][vc_row][vc_column width=&#8220;1\/2&#8243;][vc_column_text]<\/p>\n<h4>08. April 2016 &#8211; 31. Dezember 2020<\/h4>\n<p>&nbsp;<\/p>\n<p>[\/vc_column_text][vc_row_inner][vc_column_inner][\/vc_column_inner][\/vc_row_inner][\/vc_column][vc_column width=&#8220;1\/2&#8243;][vc_single_image image=&#8220;3018&#8243; img_size=&#8220;400&#215;400&#8243; alignment=&#8220;center&#8220;][\/vc_column][\/vc_row][vc_row][vc_column][vc_separator color=&#8220;black&#8220; border_width=&#8220;5&#8243;][vc_text_separator title=&#8220;F\u00f6rderung&#8220; title_align=&#8220;separator_align_right&#8220; align=&#8220;align_right&#8220; color=&#8220;black&#8220;][\/vc_column][\/vc_row][vc_row][vc_column][vc_column_text]<\/p>\n<h4>Gef\u00f6rdert wird das Projekt durch den <a href=\"https:\/\/ec.europa.eu\/agriculture\/index_de\" target=\"_blank\" rel=\"noopener noreferrer\">Europ\u00e4ischen Landwirtschaftsfonds zur Entwicklung des l\u00e4ndlichen Raumes (ELER)<\/a> und das <a href=\"http:\/\/www.eler.brandenburg.de\" target=\"_blank\" rel=\"noopener noreferrer\">Land Brandenburg<\/a>.<\/h4>\n<p>[\/vc_column_text][vc_row_inner][vc_column_inner][\/vc_column_inner][\/vc_row_inner][\/vc_column][\/vc_row][vc_row][vc_column width=&#8220;1\/2&#8243;][vc_single_image image=&#8220;3043&#8243; img_size=&#8220;473&#215;110&#8243; add_caption=&#8220;yes&#8220; alignment=&#8220;center&#8220;][\/vc_column][vc_column width=&#8220;1\/2&#8243;][vc_single_image image=&#8220;3044&#8243; img_size=&#8220;139&#215;110&#8243; alignment=&#8220;center&#8220;][\/vc_column][\/vc_row]<\/p>","protected":false},"excerpt":{"rendered":"<p>[vc_row][vc_column][vc_separator color=&#8220;black&#8220; border_width=&#8220;2&#8243;][\/vc_column][\/vc_row][vc_row][vc_column][vc_column_text] STEUERUNG DES ZUSATZWASSEREINSATZES IN DER PFLANZENPRODUKTION Precision Irrigation [\/vc_column_text][\/vc_column][\/vc_row][vc_row][vc_column][vc_separator][\/vc_column][\/vc_row][vc_row][vc_column][vc_text_separator title=&#8220;Praxisbedarf&#8220; title_align=&#8220;separator_align_right&#8220; color=&#8220;black&#8220; border_width=&#8220;2&#8243;][\/vc_column][\/vc_row][vc_row][vc_column width=&#8220;1\/2&#8243;][vc_column_text] Brandenburg z\u00e4hlt mit seinen trocken-hei\u00dfen Sommern zu den klimaempfindlichsten Regionen Mitteleuropas. Bereits w\u00e4hrend \u201eNormaljahren\u201c wirkt das Wasserangebot ertrags- und qualit\u00e4tsbegrenzend, insbesondere beim Anbau von bew\u00e4sserungsw\u00fcrdigen Sonderkulturen, Feldgem\u00fcse und Hackfr\u00fcchten. Dabei sorgt die g\u00e4ngige Technologie lediglich f\u00fcr eine gleichm\u00e4\u00dfige [&hellip;]<\/p>\n","protected":false},"author":2,"featured_media":0,"parent":0,"menu_order":0,"comment_status":"closed","ping_status":"closed","template":"","meta":[],"_links":{"self":[{"href":"https:\/\/eip-pi-bb.de\/de\/wp-json\/wp\/v2\/pages\/2948"}],"collection":[{"href":"https:\/\/eip-pi-bb.de\/de\/wp-json\/wp\/v2\/pages"}],"about":[{"href":"https:\/\/eip-pi-bb.de\/de\/wp-json\/wp\/v2\/types\/page"}],"author":[{"embeddable":true,"href":"https:\/\/eip-pi-bb.de\/de\/wp-json\/wp\/v2\/users\/2"}],"replies":[{"embeddable":true,"href":"https:\/\/eip-pi-bb.de\/de\/wp-json\/wp\/v2\/comments?post=2948"}],"version-history":[{"count":18,"href":"https:\/\/eip-pi-bb.de\/de\/wp-json\/wp\/v2\/pages\/2948\/revisions"}],"predecessor-version":[{"id":3271,"href":"https:\/\/eip-pi-bb.de\/de\/wp-json\/wp\/v2\/pages\/2948\/revisions\/3271"}],"wp:attachment":[{"href":"https:\/\/eip-pi-bb.de\/de\/wp-json\/wp\/v2\/media?parent=2948"}],"curies":[{"name":"wp","href":"https:\/\/api.w.org\/{rel}","templated":true}]}}