{"id":2428,"date":"2017-05-05T16:45:41","date_gmt":"2017-05-05T14:45:41","guid":{"rendered":"http:\/\/eip.fbm-ev.de\/?page_id=2428"},"modified":"2019-11-06T12:53:31","modified_gmt":"2019-11-06T11:53:31","slug":"projektpartner","status":"publish","type":"page","link":"https:\/\/eip-pi-bb.de\/de\/projektpartner\/","title":{"rendered":"Projektpartner"},"content":{"rendered":"<p>[vc_row][vc_column width=&#8220;1\/2&#8243;][vc_text_separator title=&#8220;Forschungsinstitut f\u00fcr Bergbaufolgelandschaften (FIB e.V.)&#8220;][vc_column_text]Leadpartner des Projektes ist das<strong> Forschungsinstitut f\u00fcr Bergbaufolgelandschaften (FIB) e.V<\/strong>.<\/p>\n<p>Ein Team von Wissenschaftlern, ein akkreditiertes Umweltlabor und die langj\u00e4hrige Erfahrung des Institutes und seiner Mitarbeiter sichern den Erfolg des Projektes ab.<\/p>\n<p>Hauptansprechpartner des Projektes ist Frau Dr. Zimmermann.<\/p>\n<p><a href=\"http:\/\/eip.fbm-ev.de\/wp-content\/uploads\/2017\/02\/FIB-Institutionsbroschuere.pdf\">FIB Institutionsbroschuere<\/a>[\/vc_column_text][vc_btn title=&#8220;homepage&#8220; color=&#8220;green&#8220; size=&#8220;sm&#8220; link=&#8220;url:http%3A%2F%2Fwww.fib-finsterwalde.de%2F|title:FIB%20homepage|target:%20_blank|&#8220;][\/vc_column][vc_column width=&#8220;1\/2&#8243;][vc_single_image image=&#8220;2981&#8243; img_size=&#8220;full&#8220; alignment=&#8220;center&#8220;][\/vc_column][\/vc_row][vc_row][vc_column width=&#8220;1\/2&#8243;][vc_single_image image=&#8220;2983&#8243; img_size=&#8220;160&#215;150&#8243; alignment=&#8220;center&#8220;][vc_column_text][\/vc_column_text][\/vc_column][vc_column width=&#8220;1\/2&#8243;][vc_text_separator title=&#8220;IRRIGAMA Projektgesellschaft&#8220;][vc_column_text]Die IRRIGAMA Projektgesellschaft ber\u00e4t landwirtschaftliche Unternehmen bei der Umsetzung von Bew\u00e4sserungsvorhaben und erstellt Bew\u00e4sserungsempfehlungen.<\/p>\n<p>Sie bringt in diesem Projekt Ihre Expertise im Bezug zur Berechnung und Modellierung von Zusatzwassergaben ein.<\/p>\n<p>Ansprechpartner der Irrigama Projektgesellschaft ist Dr. Bernd Sch\u00f6rling.[\/vc_column_text][vc_btn title=&#8220;homepage&#8220; color=&#8220;green&#8220; size=&#8220;sm&#8220; link=&#8220;url:http%3A%2F%2Firrigama.com%2F||target:%20_blank|&#8220;][\/vc_column][\/vc_row][vc_row][vc_column width=&#8220;1\/2&#8243;][vc_text_separator title=&#8220;Fachverband Bew\u00e4sserungslandbau Mitteldeutschland (FBM) e.V:&#8220;][vc_column_text]Der Fachverband Bew\u00e4sserungslandbau Mitteldeutschland (FBM) e.V. ist die Interessenvertretung des Bew\u00e4sserungslandbaus.<\/p>\n<p>Der FBM gew\u00e4hrleistet w\u00e4hrend des Projektes die \u00d6ffentlichkeitsarbeit sowie die Verbreitung der Ergebnisse und Erkenntnisse des Projektes.<\/p>\n<p>Ansprechpartner des FBMs ist Dr. Sebastian Ulrich.[\/vc_column_text][vc_btn title=&#8220;homepage&#8220; color=&#8220;green&#8220; size=&#8220;sm&#8220; link=&#8220;url:http%3A%2F%2Ffbm-ev.de||target:%20_blank|&#8220;][\/vc_column][vc_column width=&#8220;1\/2&#8243;][vc_single_image image=&#8220;2472&#8243; img_size=&#8220;large&#8220; alignment=&#8220;center&#8220;][\/vc_column][\/vc_row][vc_row][vc_column width=&#8220;1\/2&#8243;][vc_single_image image=&#8220;2986&#8243; img_size=&#8220;large&#8220; alignment=&#8220;center&#8220;][vc_column_text][\/vc_column_text][\/vc_column][vc_column width=&#8220;1\/2&#8243;][vc_text_separator title=&#8220;Hydro-Air International&#8220;][vc_column_text]Hydro-Air International ist ein brandenburgisches Unternehmen, spezialisiert auf den Bau von Beregnungsanlagen, dazugeh\u00f6riger Beregnungstechnik und seit mehreren Jahren erfolgreich in der Umsetzung von teilfl\u00e4chenspezifischer Beregnung, auch im Ausland.<\/p>\n<p>HydroAir gew\u00e4hrleistet mit seiner Expertise die Umr\u00fcstung einer vorhandenen und die Errichtung und den Betrieb einer neuen Pivotberegnungsanlage mit Einzeld\u00fcsenansteuerung (VRI).<\/p>\n<p>Gesch\u00e4ftsf\u00fchrer und Hauptansprechpartner von HydroAir ist Herr Stefan Scholz[\/vc_column_text][vc_btn title=&#8220;homepage&#8220; color=&#8220;green&#8220; size=&#8220;sm&#8220; link=&#8220;url:http%3A%2F%2Fwww.beregnungsanlagen-pumpentechnik.de%2F||target:%20_blank|&#8220;][\/vc_column][\/vc_row][vc_row][vc_column width=&#8220;1\/2&#8243;][vc_text_separator title=&#8220;Hof Gr\u00fcnhagen&#8220;][vc_column_text]Der landwirtschaftliche Betrieb von Herrn Hans-Heinrich Gr\u00fcnhagen ist ein landwirtschaftlicher Praxispartner des Projektes. Durch seine hohe Expertise im Bew\u00e4sserungslandbau stellt er die Umsetzung des wissenschaftlichen Betriebes sicher.[\/vc_column_text][vc_btn title=&#8220;homepage&#8220; color=&#8220;green&#8220; size=&#8220;sm&#8220; link=&#8220;url:https%3A%2F%2Fwww.hof-gruenhagen.de%2F||target:%20_blank|&#8220;][\/vc_column][vc_column width=&#8220;1\/2&#8243;][\/vc_column][\/vc_row][vc_row][vc_column width=&#8220;1\/2&#8243;][vc_column_text][\/vc_column_text][\/vc_column][vc_column width=&#8220;1\/2&#8243;][vc_text_separator title=&#8220;Agrarbetrieb Altd\u00f6bern&#8220;][vc_column_text]Der Agrarbetrieb Altd\u00f6bern ist ein landwirtschaftlicher Praxispartner des Projektes. Auf dem Betrieb in der Niederlausitz wird die Umr\u00fcstung einer bestehenden Anlagen auf ein teilfl\u00e4chenspezifsche und situative Bew\u00e4sserung getestet.<\/p>\n<p>Ansprechpartner f\u00fcr das Projekt ist der Betriebsleiter Christoph Bierlein.[\/vc_column_text][vc_btn title=&#8220;homepage&#8220; color=&#8220;green&#8220; size=&#8220;sm&#8220; link=&#8220;url:http%3A%2F%2Fdaholding.de||target:%20_blank|rel:nofollow&#8220;][\/vc_column][\/vc_row]<\/p>","protected":false},"excerpt":{"rendered":"<p>[vc_row][vc_column width=&#8220;1\/2&#8243;][vc_text_separator title=&#8220;Forschungsinstitut f\u00fcr Bergbaufolgelandschaften (FIB e.V.)&#8220;][vc_column_text]Leadpartner des Projektes ist das Forschungsinstitut f\u00fcr Bergbaufolgelandschaften (FIB) e.V. Ein Team von Wissenschaftlern, ein akkreditiertes Umweltlabor und die langj\u00e4hrige Erfahrung des Institutes und seiner Mitarbeiter sichern den Erfolg des Projektes ab. Hauptansprechpartner des Projektes ist Frau Dr. Zimmermann. FIB Institutionsbroschuere[\/vc_column_text][vc_btn title=&#8220;homepage&#8220; color=&#8220;green&#8220; size=&#8220;sm&#8220; link=&#8220;url:http%3A%2F%2Fwww.fib-finsterwalde.de%2F|title:FIB%20homepage|target:%20_blank|&#8220;][\/vc_column][vc_column width=&#8220;1\/2&#8243;][vc_single_image image=&#8220;2981&#8243; img_size=&#8220;full&#8220; alignment=&#8220;center&#8220;][\/vc_column][\/vc_row][vc_row][vc_column [&hellip;]<\/p>\n","protected":false},"author":1,"featured_media":0,"parent":0,"menu_order":0,"comment_status":"closed","ping_status":"closed","template":"","meta":[],"_links":{"self":[{"href":"https:\/\/eip-pi-bb.de\/de\/wp-json\/wp\/v2\/pages\/2428"}],"collection":[{"href":"https:\/\/eip-pi-bb.de\/de\/wp-json\/wp\/v2\/pages"}],"about":[{"href":"https:\/\/eip-pi-bb.de\/de\/wp-json\/wp\/v2\/types\/page"}],"author":[{"embeddable":true,"href":"https:\/\/eip-pi-bb.de\/de\/wp-json\/wp\/v2\/users\/1"}],"replies":[{"embeddable":true,"href":"https:\/\/eip-pi-bb.de\/de\/wp-json\/wp\/v2\/comments?post=2428"}],"version-history":[{"count":33,"href":"https:\/\/eip-pi-bb.de\/de\/wp-json\/wp\/v2\/pages\/2428\/revisions"}],"predecessor-version":[{"id":2928,"href":"https:\/\/eip-pi-bb.de\/de\/wp-json\/wp\/v2\/pages\/2428\/revisions\/2928"}],"wp:attachment":[{"href":"https:\/\/eip-pi-bb.de\/de\/wp-json\/wp\/v2\/media?parent=2428"}],"curies":[{"name":"wp","href":"https:\/\/api.w.org\/{rel}","templated":true}]}}