{"id":2256,"date":"2016-11-21T18:19:31","date_gmt":"2016-11-21T17:19:31","guid":{"rendered":"http:\/\/themes.webdevia.com\/voip-wordpress-theme\/?page_id=4"},"modified":"2019-11-06T12:12:26","modified_gmt":"2019-11-06T11:12:26","slug":"home","status":"publish","type":"page","link":"https:\/\/eip-pi-bb.de\/de\/","title":{"rendered":"Home"},"content":{"rendered":"<p>[vc_row el_class=&#8220;content-element-no-margin-b&#8220;][vc_column][rev_slider_vc alias=&#8220;home_slider&#8220;]\n\n<div class=\"wd_empty_space\" data-heightmobile=\"20\" data-heighttablet=\"20\" data-heightdesktop=\"20\">\n\n<\/div>\n      \n\n\n\n        \n      \n    [vc_column_text]<\/p>\n<h4>Dieses Projekt ist ein <a href=\"https:\/\/eip-agri.brandenburg.de\/eip-agri\/de\/\" target=\"_blank\" rel=\"noopener\">EIP-Projekt des Landes Brandenburg<\/a>.<\/h4>\n<p>[\/vc_column_text]\n\n<div class=\"wd_empty_space\" data-heightmobile=\"10\" data-heighttablet=\"10\" data-heightdesktop=\"10\">\n\n<\/div>\n      \n\n\n\n        \n      \n    [vc_column_text]<\/p>\n<h4>Gef\u00f6rdert wird das Projekt durch den <a href=\"https:\/\/ec.europa.eu\/agriculture\/index_de\">Europ\u00e4ischen Landwirtschaftsfonds zur Entwicklung des l\u00e4ndlichen Raumes<\/a> (ELER) und das <a href=\"http:\/\/www.eler.brandenburg.de\/\">Land Brandenburg<\/a>.<\/h4>\n<p>[\/vc_column_text]\n\n<div class=\"wd_empty_space\" data-heightmobile=\"20\" data-heighttablet=\"20\" data-heightdesktop=\"20\">\n\n<\/div>\n      \n\n\n\n        \n      \n    [vc_row_inner][vc_column_inner width=&#8220;1\/3&#8243;][vc_column_text][\/vc_column_text][vc_single_image image=&#8220;3043&#8243; img_size=&#8220;437&#215;110&#8243; alignment=&#8220;center&#8220; img_link_target=&#8220;_blank&#8220; link=&#8220;https:\/\/ec.europa.eu\/agriculture\/index_de&#8220; onclick=&#8220;custom_link&#8220;][\/vc_column_inner][vc_column_inner width=&#8220;1\/3&#8243;][vc_column_text][\/vc_column_text][vc_single_image image=&#8220;3044&#8243; img_size=&#8220;139&#215;110&#8243; alignment=&#8220;center&#8220; img_link_target=&#8220;_blank&#8220; link=&#8220;http:\/\/www.eler.brandenburg.de\/&#8220; onclick=&#8220;custom_link&#8220;][\/vc_column_inner][vc_column_inner width=&#8220;1\/3&#8243;][vc_column_text][\/vc_column_text][vc_single_image image=&#8220;3267&#8243; img_link_target=&#8220;_blank&#8220; link=&#8220;https:\/\/eip-agri.brandenburg.de\/eip-agri\/de\/&#8220; onclick=&#8220;custom_link&#8220;][\/vc_column_inner][\/vc_row_inner][\/vc_column][\/vc_row][vc_row][vc_column width=&#8220;2\/3&#8243;]\n\n<div class=\"wd_empty_space\" data-heightmobile=\"50\" data-heighttablet=\"80\" data-heightdesktop=\"100\">\n\n<\/div>\n      \n\n\n\n        \n      \n    \t\t<div class=\"wd-heading text-center  \" >\n\t\t\t\n\t\t\t\t<hr style='border-bottom-color: #66c6e2; margin: 10px 0;'\/>\n\t\t\t\t<h2 style=\"margin:0;font-family:;font-weight:600;\" >\n\t\t\t\t\tNeuigkeiten\t\t\t\t<\/h2>\n\n\t\t\t\t\t\t\t\t\t\t\t\t<h4 style=\"font-family:;font-weight:400;\" >\n\t\t\t\t\taus unserem Blog\t\t\t\t<\/h4>\n\t\t\t\t\t\t\t\t\t\t\n\t\t\t\t\t<\/div>\n\n\t\t\n\n<div class=\"wd_empty_space\" data-heightmobile=\"40\" data-heighttablet=\"40\" data-heightdesktop=\"50\">\n\n<\/div>\n      \n\n\n\n        \n      \n    \n\t<ul class='simple-blog small-block-grid-1 large-block-grid-2' >\n  \t\n\t    <li>\n\t\t    <div class=\"wd-blog-post\">\n\t\t\t    <img width=\"392\" height=\"350\" src=\"https:\/\/eip-pi-bb.de\/wp-content\/uploads\/2017\/03\/vd_kwbq2-392x350.png\" class=\"attachment-ecology_650x350 size-ecology_650x350 wp-post-image\" alt=\"\" loading=\"lazy\" \/>\t\t\t    <div class=\"wd-blog-post-detail\">\n\t\t\t    \t<div class=\"wd-blog-detail\">\n\t\t\t    \t<span>Okt, 21, 2019<\/span> -\n\t\t\t\t\t  <span>Junghans<\/span> -\n\t\t\t    \t<span><a href=\"https:\/\/eip-pi-bb.de\/de\/category\/allgemein\/\" rel=\"category tag\">Allgemein<\/a><\/span>\n\t\t\t    \t<\/div> \n\t\t\t\t    <h3><a href=\"https:\/\/eip-pi-bb.de\/de\/2019\/10\/bewaesserungssaison-2019-ein-resumee\/\">Bew\u00e4sserungssaison 2019 &#8211; ein Resumee<\/a><\/h3>\n\t\t\t\t    <p>\n\t\t\t\t\t    &nbsp; Wie l\u00e4\u00dft sich die zweite hei\u00dfe und vor allem trockene Saison in Folge f\u00fcr die ostdeutschen Bundesl\u00e4nder in Zahlen darstellen? Grunds\u00e4tzlich war diese Saison&hellip;\t\t\t\t    <\/p>\n\t\t\t\t    <a href=\"https:\/\/eip-pi-bb.de\/de\/2019\/10\/bewaesserungssaison-2019-ein-resumee\/\" class='tiny button'>Read More <\/a>\n\t\t\t    <\/div>\n\t\t    <\/div>\n\t    <\/li>\n\n  \t\n\t    <li>\n\t\t    <div class=\"wd-blog-post\">\n\t\t\t    <img width=\"650\" height=\"350\" src=\"https:\/\/eip-pi-bb.de\/wp-content\/uploads\/2019\/02\/Abbildung-8_AET24h-650x350.png\" class=\"attachment-ecology_650x350 size-ecology_650x350 wp-post-image\" alt=\"\" loading=\"lazy\" \/>\t\t\t    <div class=\"wd-blog-post-detail\">\n\t\t\t    \t<div class=\"wd-blog-detail\">\n\t\t\t    \t<span>Feb, 17, 2019<\/span> -\n\t\t\t\t\t  <span>Junghans<\/span> -\n\t\t\t    \t<span><a href=\"https:\/\/eip-pi-bb.de\/de\/category\/allgemein\/\" rel=\"category tag\">Allgemein<\/a><\/span>\n\t\t\t    \t<\/div> \n\t\t\t\t    <h3><a href=\"https:\/\/eip-pi-bb.de\/de\/2019\/02\/resultate-aus-2018-vorbereitung-zur-saison-2019\/\">Resultate aus 2018 &#8211; Vorbereitung zur Saison 2019 &#8211;<\/a><\/h3>\n\t\t\t\t    <p>\n\t\t\t\t\t    W\u00e4hrend der Saison 2018, welche als bisher trockenste und w\u00e4rmste Saison seit Jahrzehnten in Erinnerung bleiben wird, konnten mehrere erfolgreiche Flugtage mit einem Octocopter System&hellip;\t\t\t\t    <\/p>\n\t\t\t\t    <a href=\"https:\/\/eip-pi-bb.de\/de\/2019\/02\/resultate-aus-2018-vorbereitung-zur-saison-2019\/\" class='tiny button'>Read More <\/a>\n\t\t\t    <\/div>\n\t\t    <\/div>\n\t    <\/li>\n\n  \t  <\/ul>\n\n\t  \n\n<div class=\"wd_empty_space\" data-heightmobile=\"40\" data-heighttablet=\"40\" data-heightdesktop=\"50\">\n\n<\/div>\n      \n\n\n\n        \n      \n    [\/vc_column][vc_column width=&#8220;1\/3&#8243; css=&#8220;.vc_custom_1501606305285{padding-left: 3px !important;}&#8220;]\n\n<div class=\"wd_empty_space\" data-heightmobile=\"50\" data-heighttablet=\"80\" data-heightdesktop=\"100\">\n\n<\/div>\n      \n\n\n\n        \n      \n    \t\t<div class=\"wd-heading text-center  \" >\n\t\t\t\n\t\t\t\t\n\t\t\t\t<h2 style=\"margin:0;font-family:;font-weight:600;\" >\n\t\t\t\t\tTermine\t\t\t\t<\/h2>\n\n\t\t\t\t<hr style='border-bottom-color: #1e73be; margin: 10px 0;'\/>\t\t\t\t\t\t\t\t\n\t\t\t\t\t<\/div>\n\n\t\t\n\n<div class=\"wd_empty_space\" data-heightmobile=\"40\" data-heighttablet=\"40\" data-heightdesktop=\"50\">\n\n<\/div>\n      \n\n\n\n        \n      \n    <div id=\"eo_fullcalendar_1_loading\" class=\"eo-fullcalendar-loading\" ><img src=\"https:\/\/eip-pi-bb.de\/wp-content\/plugins\/event-organiser\/css\/images\/loading-image.gif\" class=\"eo-fullcalendar-loading-icon\" alt=\"Laden&#8230;\" \/> Laden&#8230;<\/div><div class=\"eo-fullcalendar eo-fullcalendar-shortcode eo-fullcalendar-reset eo-fullcalendar-responsive\" id=\"eo_fullcalendar_1\"><\/div>\n\n<div class=\"wd_empty_space\" data-heightmobile=\"20\" data-heighttablet=\"40\" data-heightdesktop=\"50\">\n\n<\/div>\n      \n\n\n\n        \n      \n    \n\n\n<div class=\"wd_empty_space\" data-heightmobile=\"20\" data-heighttablet=\"40\" data-heightdesktop=\"50\">\n\n<\/div>\n      \n\n\n\n        \n      \n    [\/vc_column][\/vc_row][vc_row full_width=&#8220;stretch_row&#8220; el_class=&#8220;mobilepad&#8220;][vc_column]\n\n<div class=\"wd_empty_space\" data-heightmobile=\"100\" data-heighttablet=\"100\" data-heightdesktop=\"100\">\n\n<\/div>\n      \n\n\n\n        \n      \n    \t\t<div class=\"wd-heading text-center  \" >\n\t\t\t\n\t\t\t\t<hr style='border-bottom-color: #66c6e2; margin: 10px 0;'\/>\n\t\t\t\t<h2 style=\"margin:0;font-family:;font-weight:600;\" >\n\t\t\t\t\tFotos\t\t\t\t<\/h2>\n\n\t\t\t\t\t\t\t\t\t\t\t\t\n\t\t\t\t\t<\/div>\n\n\t\t\n\n<div class=\"wd_empty_space\" data-heightmobile=\"40\" data-heighttablet=\"40\" data-heightdesktop=\"40\">\n\n<\/div>\n      \n\n\n\n        \n      \n    [vc_column_text]<\/p>\n\n\t\t<style type=\"text\/css\">\n\t\t\t#gallery-1 {\n\t\t\t\tmargin: auto;\n\t\t\t}\n\t\t\t#gallery-1 .gallery-item {\n\t\t\t\tfloat: left;\n\t\t\t\tmargin-top: 10px;\n\t\t\t\ttext-align: center;\n\t\t\t\twidth: 33%;\n\t\t\t}\n\t\t\t#gallery-1 img {\n\t\t\t\tborder: 2px solid #cfcfcf;\n\t\t\t}\n\t\t\t#gallery-1 .gallery-caption {\n\t\t\t\tmargin-left: 0;\n\t\t\t}\n\t\t\t\/* see gallery_shortcode() in wp-includes\/media.php *\/\n\t\t<\/style>\n\t\t<div id='gallery-1' class='gallery galleryid-3249 gallery-columns-3 gallery-size-large'><dl class='gallery-item'>\n\t\t\t<dt class='gallery-icon landscape'>\n\t\t\t\t<a href='https:\/\/eip-pi-bb.de\/wp-content\/uploads\/2017\/02\/Regner_Scho\u0308llnitz_20160706_143716_2.png'><img width=\"625\" height=\"352\" src=\"https:\/\/eip-pi-bb.de\/wp-content\/uploads\/2017\/02\/Regner_Scho\u0308llnitz_20160706_143716_2-1024x576.png\" class=\"attachment-large size-large\" alt=\"\" loading=\"lazy\" srcset=\"https:\/\/eip-pi-bb.de\/wp-content\/uploads\/2017\/02\/Regner_Scho\u0308llnitz_20160706_143716_2-1024x576.png 1024w, https:\/\/eip-pi-bb.de\/wp-content\/uploads\/2017\/02\/Regner_Scho\u0308llnitz_20160706_143716_2-300x169.png 300w, https:\/\/eip-pi-bb.de\/wp-content\/uploads\/2017\/02\/Regner_Scho\u0308llnitz_20160706_143716_2-768x432.png 768w, https:\/\/eip-pi-bb.de\/wp-content\/uploads\/2017\/02\/Regner_Scho\u0308llnitz_20160706_143716_2.png 1500w\" sizes=\"(max-width: 625px) 100vw, 625px\" \/><\/a>\n\t\t\t<\/dt><\/dl><dl class='gallery-item'>\n\t\t\t<dt class='gallery-icon landscape'>\n\t\t\t\t<a href='https:\/\/eip-pi-bb.de\/wp-content\/uploads\/2017\/03\/Drohnen_Sch\u00f6llnitz_20170517_3_2.jpg'><img width=\"625\" height=\"416\" src=\"https:\/\/eip-pi-bb.de\/wp-content\/uploads\/2017\/03\/Drohnen_Sch\u00f6llnitz_20170517_3_2-1024x682.jpg\" class=\"attachment-large size-large\" alt=\"\" loading=\"lazy\" srcset=\"https:\/\/eip-pi-bb.de\/wp-content\/uploads\/2017\/03\/Drohnen_Sch\u00f6llnitz_20170517_3_2-1024x682.jpg 1024w, https:\/\/eip-pi-bb.de\/wp-content\/uploads\/2017\/03\/Drohnen_Sch\u00f6llnitz_20170517_3_2-300x200.jpg 300w, https:\/\/eip-pi-bb.de\/wp-content\/uploads\/2017\/03\/Drohnen_Sch\u00f6llnitz_20170517_3_2-768x512.jpg 768w, https:\/\/eip-pi-bb.de\/wp-content\/uploads\/2017\/03\/Drohnen_Sch\u00f6llnitz_20170517_3_2.jpg 1280w\" sizes=\"(max-width: 625px) 100vw, 625px\" \/><\/a>\n\t\t\t<\/dt><\/dl><dl class='gallery-item'>\n\t\t\t<dt class='gallery-icon landscape'>\n\t\t\t\t<a href='https:\/\/eip-pi-bb.de\/wp-content\/uploads\/2017\/03\/Winterweizen_Dahlhausen_2017-06-27_1-003_1.jpg'><img width=\"625\" height=\"417\" src=\"https:\/\/eip-pi-bb.de\/wp-content\/uploads\/2017\/03\/Winterweizen_Dahlhausen_2017-06-27_1-003_1-1024x683.jpg\" class=\"attachment-large size-large\" alt=\"\" loading=\"lazy\" srcset=\"https:\/\/eip-pi-bb.de\/wp-content\/uploads\/2017\/03\/Winterweizen_Dahlhausen_2017-06-27_1-003_1-1024x683.jpg 1024w, https:\/\/eip-pi-bb.de\/wp-content\/uploads\/2017\/03\/Winterweizen_Dahlhausen_2017-06-27_1-003_1-300x200.jpg 300w, https:\/\/eip-pi-bb.de\/wp-content\/uploads\/2017\/03\/Winterweizen_Dahlhausen_2017-06-27_1-003_1-768x512.jpg 768w, https:\/\/eip-pi-bb.de\/wp-content\/uploads\/2017\/03\/Winterweizen_Dahlhausen_2017-06-27_1-003_1.jpg 1280w\" sizes=\"(max-width: 625px) 100vw, 625px\" \/><\/a>\n\t\t\t<\/dt><\/dl><br style=\"clear: both\" \/>\n\t\t<\/div>\n\n<p>[\/vc_column_text][vc_btn title=&#8220;zur Galerie&#8220; color=&#8220;green&#8220; size=&#8220;sm&#8220; link=&#8220;url:http%3A%2F%2Feip.fbm-ev.de%2Fde%2Fgalerie|title:EIP%20Galerie||&#8220;][\/vc_column][\/vc_row]<\/p>","protected":false},"excerpt":{"rendered":"<p>[vc_row el_class=&#8220;content-element-no-margin-b&#8220;][vc_column][rev_slider_vc alias=&#8220;home_slider&#8220;][vc_column_text] Dieses Projekt ist ein EIP-Projekt des Landes Brandenburg. [\/vc_column_text][vc_column_text] Gef\u00f6rdert wird das Projekt durch den Europ\u00e4ischen Landwirtschaftsfonds zur Entwicklung des l\u00e4ndlichen Raumes (ELER) und das Land Brandenburg. [\/vc_column_text][vc_row_inner][vc_column_inner width=&#8220;1\/3&#8243;][vc_column_text][\/vc_column_text][vc_single_image image=&#8220;3043&#8243; img_size=&#8220;437&#215;110&#8243; alignment=&#8220;center&#8220; img_link_target=&#8220;_blank&#8220; link=&#8220;https:\/\/ec.europa.eu\/agriculture\/index_de&#8220; onclick=&#8220;custom_link&#8220;][\/vc_column_inner][vc_column_inner width=&#8220;1\/3&#8243;][vc_column_text][\/vc_column_text][vc_single_image image=&#8220;3044&#8243; img_size=&#8220;139&#215;110&#8243; alignment=&#8220;center&#8220; img_link_target=&#8220;_blank&#8220; link=&#8220;http:\/\/www.eler.brandenburg.de\/&#8220; onclick=&#8220;custom_link&#8220;][\/vc_column_inner][vc_column_inner width=&#8220;1\/3&#8243;][vc_column_text][\/vc_column_text][vc_single_image image=&#8220;3267&#8243; img_link_target=&#8220;_blank&#8220; link=&#8220;https:\/\/eip-agri.brandenburg.de\/eip-agri\/de\/&#8220; onclick=&#8220;custom_link&#8220;][\/vc_column_inner][\/vc_row_inner][\/vc_column][\/vc_row][vc_row][vc_column width=&#8220;2\/3&#8243;][\/vc_column][vc_column width=&#8220;1\/3&#8243; css=&#8220;.vc_custom_1501606305285{padding-left: 3px !important;}&#8220;][\/vc_column][\/vc_row][vc_row [&hellip;]<\/p>\n","protected":false},"author":1,"featured_media":0,"parent":0,"menu_order":0,"comment_status":"closed","ping_status":"closed","template":"","meta":[],"_links":{"self":[{"href":"https:\/\/eip-pi-bb.de\/de\/wp-json\/wp\/v2\/pages\/2256"}],"collection":[{"href":"https:\/\/eip-pi-bb.de\/de\/wp-json\/wp\/v2\/pages"}],"about":[{"href":"https:\/\/eip-pi-bb.de\/de\/wp-json\/wp\/v2\/types\/page"}],"author":[{"embeddable":true,"href":"https:\/\/eip-pi-bb.de\/de\/wp-json\/wp\/v2\/users\/1"}],"replies":[{"embeddable":true,"href":"https:\/\/eip-pi-bb.de\/de\/wp-json\/wp\/v2\/comments?post=2256"}],"version-history":[{"count":57,"href":"https:\/\/eip-pi-bb.de\/de\/wp-json\/wp\/v2\/pages\/2256\/revisions"}],"predecessor-version":[{"id":3268,"href":"https:\/\/eip-pi-bb.de\/de\/wp-json\/wp\/v2\/pages\/2256\/revisions\/3268"}],"wp:attachment":[{"href":"https:\/\/eip-pi-bb.de\/de\/wp-json\/wp\/v2\/media?parent=2256"}],"curies":[{"name":"wp","href":"https:\/\/api.w.org\/{rel}","templated":true}]}}